{"id":82,"date":"2017-12-14T13:43:30","date_gmt":"2017-12-14T12:43:30","guid":{"rendered":"http:\/\/jscourtage.fr\/?page_id=82"},"modified":"2022-10-24T18:28:09","modified_gmt":"2022-10-24T16:28:09","slug":"simulation-en-courtage-dassurance","status":"publish","type":"page","link":"https:\/\/jscourtage.fr\/index.php\/simulation-en-courtage-dassurance\/","title":{"rendered":"Simulation d&rsquo;assurance"},"content":{"rendered":"<h4 style=\"text-align: left;\">Avez-vous pens\u00e9 \u00e0 l&rsquo;assurance de votre pr\u00eat ?<\/h4>\n<h4 style=\"text-align: left;\">Nous vous proposons une assurance sur mesure. <a href=\"https:\/\/www.magnolia.fr\/comparer-assurance-pret-immobilier?utm_source=1389&amp;whiteLabel=true&amp;platform=direct&amp;pricing=false\" target=\"_blank\" rel=\"noopener\">Cliquez ICI<\/a> afin de faire une simulation, nous vous rappelons ensuite sous 48H.<\/h4>\n<div dir=\"auto\">\u00a0<\/div>\n<p>\u00a0<\/p>\n\n\n<p><\/p>\n","protected":false},"excerpt":{"rendered":"<p>Avez-vous pens\u00e9 \u00e0 l&rsquo;assurance de votre pr\u00eat ? Nous vous proposons une assurance sur mesure. Cliquez ICI afin de faire une simulation, nous vous rappelons ensuite sous 48H. \u00a0 \u00a0<\/p>\n","protected":false},"author":1,"featured_media":0,"parent":0,"menu_order":0,"comment_status":"closed","ping_status":"closed","template":"templates\/fullwidth.php","meta":{"_kad_post_transparent":"","_kad_post_title":"","_kad_post_layout":"","_kad_post_sidebar_id":"","_kad_post_content_style":"","_kad_post_vertical_padding":"","_kad_post_feature":"","_kad_post_feature_position":"","_kad_post_header":false,"_kad_post_footer":false},"_links":{"self":[{"href":"https:\/\/jscourtage.fr\/index.php\/wp-json\/wp\/v2\/pages\/82"}],"collection":[{"href":"https:\/\/jscourtage.fr\/index.php\/wp-json\/wp\/v2\/pages"}],"about":[{"href":"https:\/\/jscourtage.fr\/index.php\/wp-json\/wp\/v2\/types\/page"}],"author":[{"embeddable":true,"href":"https:\/\/jscourtage.fr\/index.php\/wp-json\/wp\/v2\/users\/1"}],"replies":[{"embeddable":true,"href":"https:\/\/jscourtage.fr\/index.php\/wp-json\/wp\/v2\/comments?post=82"}],"version-history":[{"count":10,"href":"https:\/\/jscourtage.fr\/index.php\/wp-json\/wp\/v2\/pages\/82\/revisions"}],"predecessor-version":[{"id":712,"href":"https:\/\/jscourtage.fr\/index.php\/wp-json\/wp\/v2\/pages\/82\/revisions\/712"}],"wp:attachment":[{"href":"https:\/\/jscourtage.fr\/index.php\/wp-json\/wp\/v2\/media?parent=82"}],"curies":[{"name":"wp","href":"https:\/\/api.w.org\/{rel}","templated":true}]}}