{"id":80,"date":"2017-12-14T13:43:04","date_gmt":"2017-12-14T12:43:04","guid":{"rendered":"http:\/\/jscourtage.fr\/?page_id=80"},"modified":"2018-10-07T12:23:19","modified_gmt":"2018-10-07T10:23:19","slug":"simulation-en-courtage-de-credit","status":"publish","type":"page","link":"https:\/\/jscourtage.fr\/index.php\/simulation-en-courtage-de-credit\/","title":{"rendered":"Simulation de pr\u00eat immobilier"},"content":{"rendered":"<div id=\"pl-80\" class=\"panel-layout\">\n<div id=\"pg-80-0\" class=\"panel-grid panel-no-style\">\n<div id=\"pgc-80-0-0\" class=\"panel-grid-cell\" data-weight=\"1\">\n<div id=\"panel-80-0-0-0\" class=\"so-panel widget widget_sow-editor panel-first-child panel-last-child\" data-style=\"{&quot;background_image_attachment&quot;:false,&quot;background_display&quot;:&quot;tile&quot;}\" data-index=\"0\">\n<div class=\"so-widget-sow-editor so-widget-sow-editor-base\">\n<div class=\"siteorigin-widget-tinymce textwidget\">\n<h4 style=\"text-align: left;\">Vous souhaitez \u00eatre recontact\u00e9 afin de savoir si votre projet est r\u00e9alisable?<\/h4>\n<h4 style=\"text-align: left;\">Remplissez le formulaire ci-dessous et nous vous rappelons sous 48H.<\/h4>\n<div dir=\"auto\"><\/div>\n<div role=\"form\" class=\"wpcf7\" id=\"wpcf7-f169-o1\" lang=\"fr-FR\" dir=\"ltr\">\n<div class=\"screen-reader-response\"><p role=\"status\" aria-live=\"polite\" aria-atomic=\"true\"><\/p> <ul><\/ul><\/div>\n<form action=\"\/index.php\/wp-json\/wp\/v2\/pages\/80#wpcf7-f169-o1\" method=\"post\" class=\"wpcf7-form init\" novalidate=\"novalidate\" data-status=\"init\">\n<div style=\"display: none;\">\n<input type=\"hidden\" name=\"_wpcf7\" value=\"169\" \/>\n<input type=\"hidden\" name=\"_wpcf7_version\" value=\"5.5.6.1\" \/>\n<input type=\"hidden\" name=\"_wpcf7_locale\" value=\"fr_FR\" \/>\n<input type=\"hidden\" name=\"_wpcf7_unit_tag\" value=\"wpcf7-f169-o1\" \/>\n<input type=\"hidden\" name=\"_wpcf7_container_post\" value=\"0\" \/>\n<input type=\"hidden\" name=\"_wpcf7_posted_data_hash\" value=\"\" \/>\n<\/div>\n<p><span class=\"wpcf7-form-control-wrap sexe\"><select name=\"sexe\" class=\"wpcf7-form-control wpcf7-select\" aria-invalid=\"false\"><option value=\"Madame\">Madame<\/option><option value=\"Monsieur\">Monsieur<\/option><\/select><\/span> Nom - Pr\u00e9nom : <span class=\"wpcf7-form-control-wrap text-119\"><input type=\"text\" name=\"text-119\" value=\"\" size=\"40\" class=\"wpcf7-form-control wpcf7-text wpcf7-validates-as-required\" aria-required=\"true\" aria-invalid=\"false\" \/><\/span><\/p>\n<p>Adresse e-mail : <span class=\"wpcf7-form-control-wrap email-801\"><input type=\"email\" name=\"email-801\" value=\"\" size=\"40\" class=\"wpcf7-form-control wpcf7-text wpcf7-email wpcf7-validates-as-required wpcf7-validates-as-email\" aria-required=\"true\" aria-invalid=\"false\" \/><\/span><\/p>\n<p>T\u00e9l\u00e9phone : <span class=\"wpcf7-form-control-wrap tel-508\"><input type=\"tel\" name=\"tel-508\" value=\"\" size=\"40\" class=\"wpcf7-form-control wpcf7-text wpcf7-tel wpcf7-validates-as-required wpcf7-validates-as-tel\" aria-required=\"true\" aria-invalid=\"false\" \/><\/span><\/p>\n<p>Type de bien :<br \/>\n<span class=\"wpcf7-form-control-wrap Typedebien\"><select name=\"Typedebien\" class=\"wpcf7-form-control wpcf7-select wpcf7-validates-as-required\" aria-required=\"true\" aria-invalid=\"false\"><option value=\"appartement\">appartement<\/option><option value=\"maison\">maison<\/option><option value=\"terrain\">terrain<\/option><option value=\"terrain + construction\">terrain + construction<\/option><\/select><\/span><\/p>\n<p>Etat du bien :<br \/>\n<span class=\"wpcf7-form-control-wrap Etatdubien\"><span class=\"wpcf7-form-control wpcf7-checkbox wpcf7-exclusive-checkbox\"><span class=\"wpcf7-list-item first\"><input type=\"checkbox\" name=\"Etatdubien\" value=\"ancien\" \/><span class=\"wpcf7-list-item-label\">ancien<\/span><\/span><span class=\"wpcf7-list-item last\"><input type=\"checkbox\" name=\"Etatdubien\" value=\"neuf\" \/><span class=\"wpcf7-list-item-label\">neuf<\/span><\/span><\/span><\/span><\/p>\n<p>Usage du bien :<br \/>\n<span class=\"wpcf7-form-control-wrap Usagedubien\"><span class=\"wpcf7-form-control wpcf7-checkbox wpcf7-exclusive-checkbox\"><span class=\"wpcf7-list-item first\"><input type=\"checkbox\" name=\"Usagedubien\" value=\"r\u00e9sidence principale\" \/><span class=\"wpcf7-list-item-label\">r\u00e9sidence principale<\/span><\/span><span class=\"wpcf7-list-item\"><input type=\"checkbox\" name=\"Usagedubien\" value=\"r\u00e9sidence secondaire\" \/><span class=\"wpcf7-list-item-label\">r\u00e9sidence secondaire<\/span><\/span><span class=\"wpcf7-list-item\"><input type=\"checkbox\" name=\"Usagedubien\" value=\"locatif\" \/><span class=\"wpcf7-list-item-label\">locatif<\/span><\/span><span class=\"wpcf7-list-item last\"><input type=\"checkbox\" name=\"Usagedubien\" value=\"autre\" \/><span class=\"wpcf7-list-item-label\">autre<\/span><\/span><\/span><\/span><\/p>\n<p>Localisation du bien :<br \/>\n<span class=\"wpcf7-form-control-wrap text-119\"><input type=\"text\" name=\"text-119\" value=\"\" size=\"40\" class=\"wpcf7-form-control wpcf7-text wpcf7-validates-as-required\" aria-required=\"true\" aria-invalid=\"false\" \/><\/span><\/p>\n<p>Avancement du projet :<br \/>\n<span class=\"wpcf7-form-control-wrap Avancementduprojet\"><span class=\"wpcf7-form-control wpcf7-checkbox wpcf7-validates-as-required wpcf7-exclusive-checkbox\"><span class=\"wpcf7-list-item first\"><input type=\"checkbox\" name=\"Avancementduprojet\" value=\"j&#039;ai trouv\u00e9 mon bien\" \/><span class=\"wpcf7-list-item-label\">j&#039;ai trouv\u00e9 mon bien<\/span><\/span><span class=\"wpcf7-list-item last\"><input type=\"checkbox\" name=\"Avancementduprojet\" value=\"je recherche mon bien\" \/><span class=\"wpcf7-list-item-label\">je recherche mon bien<\/span><\/span><\/span><\/span><\/p>\n<p>Nombre d'acqu\u00e9reurs :<br \/>\n<span class=\"wpcf7-form-control-wrap Nombredacqureurs\"><input type=\"number\" name=\"Nombredacqureurs\" value=\"\" class=\"wpcf7-form-control wpcf7-number wpcf7-validates-as-number\" min=\"1\" max=\"5\" aria-invalid=\"false\" \/><\/span><\/p>\n<p>Situation actuelle :<br \/>\n<span class=\"wpcf7-form-control-wrap Situationactuelle\"><span class=\"wpcf7-form-control wpcf7-checkbox wpcf7-validates-as-required wpcf7-exclusive-checkbox\"><span class=\"wpcf7-list-item first\"><input type=\"checkbox\" name=\"Situationactuelle\" value=\"propri\u00e9taire\" \/><span class=\"wpcf7-list-item-label\">propri\u00e9taire<\/span><\/span><span class=\"wpcf7-list-item\"><input type=\"checkbox\" name=\"Situationactuelle\" value=\"locataire\" \/><span class=\"wpcf7-list-item-label\">locataire<\/span><\/span><span class=\"wpcf7-list-item last\"><input type=\"checkbox\" name=\"Situationactuelle\" value=\"autre\" \/><span class=\"wpcf7-list-item-label\">autre<\/span><\/span><\/span><\/span><\/p>\n<p>Prix d'achat du bien (frais d'agence inclus) :<br \/>\n<span class=\"wpcf7-form-control-wrap Prixdachatdubienfraisdagenceinclus\"><input type=\"number\" name=\"Prixdachatdubienfraisdagenceinclus\" value=\"\" class=\"wpcf7-form-control wpcf7-number wpcf7-validates-as-number\" min=\"0\" max=\"9000000\" aria-invalid=\"false\" \/><\/span><\/p>\n<p>Montant de l'apport personnel:<br \/>\n<span class=\"wpcf7-form-control-wrap Montantdelapportpersonnel\"><input type=\"number\" name=\"Montantdelapportpersonnel\" value=\"\" class=\"wpcf7-form-control wpcf7-number wpcf7-validates-as-required wpcf7-validates-as-number\" min=\"0\" max=\"9000000\" aria-required=\"true\" aria-invalid=\"false\" \/><\/span><\/p>\n<p>Votre profession : <span class=\"wpcf7-form-control-wrap text-119\"><input type=\"text\" name=\"text-119\" value=\"\" size=\"40\" class=\"wpcf7-form-control wpcf7-text wpcf7-validates-as-required\" aria-required=\"true\" aria-invalid=\"false\" \/><\/span><\/p>\n<p>Profession du co-acqu\u00e9reur : <span class=\"wpcf7-form-control-wrap text-119\"><input type=\"text\" name=\"text-119\" value=\"\" size=\"40\" class=\"wpcf7-form-control wpcf7-text wpcf7-validates-as-required\" aria-required=\"true\" aria-invalid=\"false\" \/><\/span><\/p>\n<p>Revenus nets mensuels du ou des acqu\u00e9reurs(s) :<br \/>\n<span class=\"wpcf7-form-control-wrap Revenusnetmensuelsduoudesacqureurs\"><input type=\"number\" name=\"Revenusnetmensuelsduoudesacqureurs\" value=\"\" class=\"wpcf7-form-control wpcf7-number wpcf7-validates-as-required wpcf7-validates-as-number\" min=\"0\" max=\"9000000\" aria-required=\"true\" aria-invalid=\"false\" \/><\/span><\/p>\n<p><input type=\"submit\" value=\"Envoyer\" class=\"wpcf7-form-control has-spinner wpcf7-submit\" \/><\/p>\n<div class=\"wpcf7-response-output\" aria-hidden=\"true\"><\/div><\/form><\/div>\n<\/div>\n<\/div>\n<\/div>\n<\/div>\n<\/div>\n<\/div>\n","protected":false},"excerpt":{"rendered":"<p>Vous souhaitez \u00eatre recontact\u00e9 afin de savoir si votre projet est r\u00e9alisable? Remplissez le formulaire ci-dessous et nous vous rappelons sous 48H.<\/p>\n","protected":false},"author":1,"featured_media":0,"parent":0,"menu_order":0,"comment_status":"closed","ping_status":"closed","template":"","meta":{"_kad_post_transparent":"","_kad_post_title":"","_kad_post_layout":"","_kad_post_sidebar_id":"","_kad_post_content_style":"","_kad_post_vertical_padding":"","_kad_post_feature":"","_kad_post_feature_position":"","_kad_post_header":false,"_kad_post_footer":false},"_links":{"self":[{"href":"https:\/\/jscourtage.fr\/index.php\/wp-json\/wp\/v2\/pages\/80"}],"collection":[{"href":"https:\/\/jscourtage.fr\/index.php\/wp-json\/wp\/v2\/pages"}],"about":[{"href":"https:\/\/jscourtage.fr\/index.php\/wp-json\/wp\/v2\/types\/page"}],"author":[{"embeddable":true,"href":"https:\/\/jscourtage.fr\/index.php\/wp-json\/wp\/v2\/users\/1"}],"replies":[{"embeddable":true,"href":"https:\/\/jscourtage.fr\/index.php\/wp-json\/wp\/v2\/comments?post=80"}],"version-history":[{"count":8,"href":"https:\/\/jscourtage.fr\/index.php\/wp-json\/wp\/v2\/pages\/80\/revisions"}],"predecessor-version":[{"id":473,"href":"https:\/\/jscourtage.fr\/index.php\/wp-json\/wp\/v2\/pages\/80\/revisions\/473"}],"wp:attachment":[{"href":"https:\/\/jscourtage.fr\/index.php\/wp-json\/wp\/v2\/media?parent=80"}],"curies":[{"name":"wp","href":"https:\/\/api.w.org\/{rel}","templated":true}]}}