{"id":66,"date":"2017-12-08T19:16:02","date_gmt":"2017-12-08T18:16:02","guid":{"rendered":"http:\/\/jscourtage.fr\/?page_id=66"},"modified":"2018-08-13T11:55:30","modified_gmt":"2018-08-13T09:55:30","slug":"courtage-en-assurance-de-credit","status":"publish","type":"page","link":"https:\/\/jscourtage.fr\/index.php\/courtage-en-assurance-de-credit\/","title":{"rendered":"Assurance de pr\u00eats"},"content":{"rendered":"<div id=\"pl-66\"  class=\"panel-layout\" ><div id=\"pg-66-0\"  class=\"panel-grid panel-no-style\" ><div id=\"pgc-66-0-0\"  class=\"panel-grid-cell\" ><div id=\"panel-66-0-0-0\" class=\"so-panel widget widget_sow-editor panel-first-child panel-last-child\" data-index=\"0\" ><div\n\t\t\t\n\t\t\tclass=\"so-widget-sow-editor so-widget-sow-editor-base\"\n\t\t\t\n\t\t>\n<div class=\"siteorigin-widget-tinymce textwidget\">\n\t<h2>1. LA LEGISLATION<\/h2>\n<h3>Achat immobilier : pouvez-vous changer d\u2019assurance emprunteur?<\/h3>\n<p><strong>Libre choix de l'assurance lors de la signature du pr\u00eat<\/strong> :<\/p>\n<p>Lors de la mise en place d'un pr\u00eat immobilier, la banque demande \u00e0 ses clients de souscrire une assurance emprunteur. L'information sur le caract\u00e8re obligatoire ou facultatif de l'assurance doit \u00eatre pr\u00e9cis\u00e9e, d\u00e8s l'offre pr\u00e9alable de cr\u00e9dit. La banque peut alors proposer son contrat d'assurance, <strong>mais vous restez LIBRE de vous adresser \u00e0 l'assureur de votre choix<\/strong>.\u00a0<\/p>\n<h4><strong>La loi Lagarde vous donne du choix en mati\u00e8re d\u2019assurance emprunteur !<\/strong><\/h4>\n<p>Vous n'\u00eates plus contraints d'adh\u00e9rer au contrat d'assurance emprunteur propos\u00e9 par la banque.<br \/><strong>D\u00e8s lors que votre assurance pr\u00e9sente des garanties suffisantes, vous d\u00e9cidez de retenir l'assurance de votre choix.<\/strong>\u00a0<\/p>\n<h4><span style=\"color: #333399;\"><strong>Possibilit\u00e9 de r\u00e9silier l\u2019assurance d\u2019un pr\u00eat immobilier en cours !<\/strong><\/span><\/h4>\n<p><strong>Loi Hamon de 2014\u00a0: Durant l'ann\u00e9e suivant la signature de votre contrat,<\/strong> vous pouvez le r\u00e9silier en adressant un courrier recommand\u00e9 (de pr\u00e9f\u00e9rence avec accus\u00e9 de r\u00e9ception) \u00e0 votre assureur, au plus tard 15 jours avant le terme des 12 mois. La r\u00e9siliation doit n\u00e9anmoins \u00eatre accept\u00e9e par votre pr\u00eateur.<\/p>\n<p><strong>Amendement Bourquin\u00a0de janvier 2018\u00a0: <\/strong><strong>Apr\u00e8s la 1<sup>re<\/sup> ann\u00e9e<\/strong>, vous conservez la possibilit\u00e9 de r\u00e9silier le contrat chaque ann\u00e9e, en adressant un courrier en recommand\u00e9 \u00e0 votre assureur au moins 2 mois avant la date anniversaire du contrat (signature de l\u2019offre de pr\u00eat). Vous devez indiquer l'assureur la date de prise d'effet du nouveau contrat d'assurance accept\u00e9 par votre organisme pr\u00eateur.<\/p>\n<h4><span style=\"color: #333399;\"><strong>Probl\u00e8me de sant\u00e9\u00a0: quelles alternatives pour garantir son pr\u00eat ?<\/strong><\/span><\/h4>\n<p>La convention AERAS\u00a0(\u00ab\u00a0S\u2019assurer et emprunter avec un risque aggrav\u00e9 de sant\u00e9\u00a0\u00bb) doit faciliter l'acc\u00e8s \u00e0 l'assurance et \u00e0 l'emprunt des personnes ayant ou ayant eu un probl\u00e8me de sant\u00e9. Vous pouvez rechercher un autre contrat d\u2019assurance que celui propos\u00e9 par l\u2019organisme de cr\u00e9dit. Ce dernier est tenu de l\u2019accepter si l\u2019assurance offre un niveau de garanties \u00e9quivalent \u00e0 celui de la banque. Cela ne peut pas entra\u00eener d\u2019augmentation du taux de cr\u00e9dit. Si vous n\u2019avez pu obtenir une assurance pour garantir votre pr\u00eat ou que les garanties propos\u00e9es sont insuffisantes, vous pouvez rechercher une garantie alternative comme par exemple :<\/p>\n<ul>\n<li style=\"text-align: left;\">le <em>cautionnement <\/em>: une personne solvable, appel\u00e9e \u00ab\u00a0la caution\u00a0\u00bb s\u2019engage vis-\u00e0-vis de la banque \u00e0 rembourser le pr\u00eat au cas o\u00f9 l\u2019emprunteur ne le rembourserait pas\u00a0;<\/li>\n<li style=\"text-align: left;\">le <em>nantissement d\u2019un capital<\/em> (par exemple, un contrat d\u2019assurance vie)<\/li>\n<li><em>une hypoth\u00e8que sur un bien immobilier<\/em> dont vous \u00eates d\u00e9j\u00e0 propri\u00e9taire.<\/li>\n<\/ul>\n<p>L\u2019organisme de cr\u00e9dit appr\u00e9cie la valeur de cette garantie alternative.<\/p>\n<h2>2. NOTRE ASSURANCE<\/h2>\n<p>En fonction de votre profil, nous s\u00e9lectionnerons la meilleure assurance rapport qualit\u00e9\/prix.<\/p>\n<p><strong>Les points forts de nos assurances :<\/strong><\/p>\n<p>Elles sont irr\u00e9vocables et forfaitaires.<br \/>Les professions \u00e0 risques sont couvertes.<\/p>\n<p><strong>Irr\u00e9vocabilit\u00e9:<\/strong><\/p>\n<p>Le contrat est irr\u00e9vocable : le tarif est garanti quels que soient les changements de situation apr\u00e8s acceptation.<\/p>\n<p>Extraits des CG:<\/p>\n<p>IRREVOCABILITE DES GARANTIES : Les changements qui pourraient intervenir en cours d'assurance dans la situation de l'assur\u00e9 n'ont aucune incidence sur les garanties qui lui sont accord\u00e9es et qui sont maintenues pendant toute la dur\u00e9e de son adh\u00e9sion, dans les conditions d\u00e9finies \u00e0 la date de prise d'effet de celle-ci, sous r\u00e9serve de l'encaissement de la cotisation.<\/p>\n<p>IRREVOCABILITE DES COTISATIONS : Sous r\u00e9serve de l'exactitude des informations fournies, la cotisation communiqu\u00e9e lors de l'adh\u00e9sion au contrat est irr\u00e9vocable pendant toute la dur\u00e9e de la dite adh\u00e9sion (sauf en cas de mise en place de nouvelles taxes et\/ou de changement du taux de taxe, applicables au pr\u00e9sent contrat).<\/p>\n<p><strong>Forfaitaire :<\/strong><\/p>\n<p>C\u2019est-\u00e0-dire que l\u2019assureur paie la mensualit\u00e9, en cas d\u2019arr\u00eat de travail, sans tenir compte de la perte de salaire. C\u2019est donc plus simple et plus int\u00e9ressant. A l\u2019inverse les assurances bancaires sont en g\u00e9n\u00e9rales indemnitaires : elles compl\u00e8tent uniquement la perte de salaire. En cas d\u2019absence de perte de salaire (gr\u00e2ce \u00e0 une pr\u00e9voyance) aucun remboursement n\u2019aura lieu.<\/p>\n<p>Extrait des CG :<\/p>\n<p>INCAPACIT\u00c9 TEMPORAIRE TOTALE (I.T.T.) : En cas d\u2019I.T.T., l\u2019Assureur r\u00e8gle \u00e0 l\u2019organisme pr\u00eateur le montant des mensualit\u00e9s venant \u00e0 \u00e9ch\u00e9ance \u00e0 compter du 91\u00e8me jour continu d\u2019incapacit\u00e9, dans la limite de la quotit\u00e9 assur\u00e9e.<\/p>\n<p>Professions \u00e0 risques : policiers, gendarmes, militaires, pompiers\u2026 : couverture sans questionnaire de sant\u00e9 compl\u00e9mentaire et SANS surprime.<\/p>\n<p>Nous vous proposons la meilleure couverture :<\/p>\n<p>- Le D\u00e9c\u00e8s<br \/>- La Perte Totale et Irr\u00e9versible d\u2019Autonomie (PTIA)<br \/>- L\u2019Incapacit\u00e9 Temporaire Totale (ITT)<br \/>- L\u2019Incapacit\u00e9 Temporaire Partielle de travail (ITP)<br \/>- L\u2019Invalidit\u00e9 Permanente Totale (IPT)<br \/>- L\u2019Invalidit\u00e9 Permanente Partielle (IPP)<\/p>\n<p>\u00a0<\/p>\n<h5 style=\"text-align: center;\"><a href=\"http:\/\/jscourtage.fr\/index.php\/contact\/\">N'h\u00e9sitez pas \u00e0 nous contacter !<\/a><\/h5>\n<\/div>\n<\/div><\/div><\/div><\/div><\/div>","protected":false},"excerpt":{"rendered":"<p>1. LA LEGISLATION Achat immobilier : pouvez-vous changer d\u2019assurance emprunteur? Libre choix de l&rsquo;assurance lors de la signature du pr\u00eat : Lors de la mise en place d&rsquo;un pr\u00eat immobilier, la banque demande \u00e0 ses clients de souscrire une assurance emprunteur. L&rsquo;information sur le caract\u00e8re obligatoire ou facultatif de l&rsquo;assurance doit \u00eatre pr\u00e9cis\u00e9e, d\u00e8s l&rsquo;offre&#8230;<\/p>\n","protected":false},"author":1,"featured_media":0,"parent":0,"menu_order":0,"comment_status":"closed","ping_status":"closed","template":"","meta":{"_kad_post_transparent":"","_kad_post_title":"","_kad_post_layout":"","_kad_post_sidebar_id":"","_kad_post_content_style":"","_kad_post_vertical_padding":"","_kad_post_feature":"","_kad_post_feature_position":"","_kad_post_header":false,"_kad_post_footer":false},"_links":{"self":[{"href":"https:\/\/jscourtage.fr\/index.php\/wp-json\/wp\/v2\/pages\/66"}],"collection":[{"href":"https:\/\/jscourtage.fr\/index.php\/wp-json\/wp\/v2\/pages"}],"about":[{"href":"https:\/\/jscourtage.fr\/index.php\/wp-json\/wp\/v2\/types\/page"}],"author":[{"embeddable":true,"href":"https:\/\/jscourtage.fr\/index.php\/wp-json\/wp\/v2\/users\/1"}],"replies":[{"embeddable":true,"href":"https:\/\/jscourtage.fr\/index.php\/wp-json\/wp\/v2\/comments?post=66"}],"version-history":[{"count":62,"href":"https:\/\/jscourtage.fr\/index.php\/wp-json\/wp\/v2\/pages\/66\/revisions"}],"predecessor-version":[{"id":463,"href":"https:\/\/jscourtage.fr\/index.php\/wp-json\/wp\/v2\/pages\/66\/revisions\/463"}],"wp:attachment":[{"href":"https:\/\/jscourtage.fr\/index.php\/wp-json\/wp\/v2\/media?parent=66"}],"curies":[{"name":"wp","href":"https:\/\/api.w.org\/{rel}","templated":true}]}}