{"id":64,"date":"2017-12-08T19:16:02","date_gmt":"2017-12-08T18:16:02","guid":{"rendered":"http:\/\/jscourtage.fr\/?page_id=64"},"modified":"2018-10-07T12:20:33","modified_gmt":"2018-10-07T10:20:33","slug":"courtage-en-pret-immobilier","status":"publish","type":"page","link":"https:\/\/jscourtage.fr\/index.php\/courtage-en-pret-immobilier\/","title":{"rendered":"Pr\u00eats immobiliers"},"content":{"rendered":"<div id=\"pl-64\"  class=\"panel-layout\" ><div id=\"pg-64-0\"  class=\"panel-grid panel-no-style\" ><div id=\"pgc-64-0-0\"  class=\"panel-grid-cell\" ><div id=\"panel-64-0-0-0\" class=\"so-panel widget widget_sow-editor panel-first-child panel-last-child\" data-index=\"0\" ><div\n\t\t\t\n\t\t\tclass=\"so-widget-sow-editor so-widget-sow-editor-base\"\n\t\t\t\n\t\t><h3 class=\"widget-title\">Pr\u00eats immobiliers<\/h3>\n<div class=\"siteorigin-widget-tinymce textwidget\">\n\t<p>Nous effectuons un bilan personnalis\u00e9 de votre situation financi\u00e8re et orientons votre dossier vers le meilleur \u00e9tablissement bancaire du moment, adapt\u00e9 \u00e0 votre projet :<\/p>\n<ul>\n<li>R\u00e9sidence principale ou secondaire<\/li>\n<li>Investissement locatif<\/li>\n<li>Travaux<\/li>\n<li>Local professionnel ou commercial<\/li>\n<\/ul>\n<p>JS COURTAGE n\u00e9gocie pour vous les meilleures conditions de taux, d'assurance emprunteur, de garanties, de frais de dossier. Il obtient l'accord de financement dans les meilleurs d\u00e9lais et vous garantit une relation privil\u00e9gi\u00e9e avec votre futur conseiller financier ou bancaire.<\/p>\n<p><span style=\"color: #333333;\"><strong>RACHAT DE PRET IMMOBILIER<\/strong><\/span><\/p>\n<ul>\n<li><span style=\"color: #333333;\">Diff\u00e9rentiel de taux<\/span><\/li>\n<li><span style=\"color: #333333;\">Dur\u00e9e d'amortissement \u00e9coul\u00e9e<\/span><\/li>\n<li><span style=\"color: #333333;\">D\u00e9lai de revente<\/span><\/li>\n<\/ul>\n<p><span style=\"color: #333333;\">Nous v\u00e9rifions s'il est int\u00e9ressant de diminuer vos mensualit\u00e9s et\/ ou de r\u00e9duire la dur\u00e9e de votre emprunt, en comparant le taux de votre pr\u00eat et celui propos\u00e9 par nos partenaires bancaires.<\/span><\/p>\n<p><span style=\"color: #333333;\">Cette \u00e9conomie sur le co\u00fbt total\u00a0 de\u00a0 votre\u00a0 cr\u00e9dit\u00a0 tient compte des frais \u00e9ventuels li\u00e9s \u00e0 cette op\u00e9ration (frais de courtage, indemnit\u00e9s de remboursement anticip\u00e9, frais de dossier, frais de garantie).<\/span><\/p>\n<p><span style=\"color: #333333;\"><strong>REGROUPEMENT DE CREDITS<\/strong><\/span><\/p>\n<ul>\n<li><span style=\"color: #333333;\">Un seul pr\u00eat<\/span><\/li>\n<li><span style=\"color: #333333;\">Une seule mensualit\u00e9<\/span><\/li>\n<li><span style=\"color: #333333;\">Une r\u00e9duction de 30 \u00e0 60 % de vos mensualit\u00e9s<\/span><\/li>\n<li><span style=\"color: #333333;\">Une r\u00e9serve d'argent<\/span><\/li>\n<\/ul>\n<p><span style=\"color: #333333;\">Nous \u00e9tablissons un inventaire pr\u00e9cis et rigoureux de l'ensemble de vos charges et ressources financi\u00e8res, en tenant compte de vos motivations \u00e0 court, moyen et long terme (r\u00e9duction de dur\u00e9e, all\u00e8gement de vos mensualit\u00e9s, besoin de tr\u00e9sorerie, projets divers).<\/span><\/p>\n<p><span style=\"color: #333333;\">JS COURTAGE recherche le partenaire financier et finalise une proposition adapt\u00e9e \u00e0 vos besoins (sous r\u00e9serve d'acceptation de votre dossier).<\/span><\/p>\n<h5 style=\"text-align: center;\"><a href=\"http:\/\/jscourtage.fr\/index.php\/contact\/\">N'h\u00e9sitez pas \u00e0 nous contacter !<\/a><\/h5>\n<p>&nbsp;<\/p>\n<\/div>\n<\/div><\/div><\/div><\/div><\/div>","protected":false},"excerpt":{"rendered":"<p>Nous effectuons un bilan personnalis\u00e9 de votre situation financi\u00e8re et orientons votre dossier vers le meilleur \u00e9tablissement bancaire du moment, adapt\u00e9 \u00e0 votre projet : R\u00e9sidence principale ou secondaire Investissement locatif Travaux Local professionnel ou commercial JS COURTAGE n\u00e9gocie pour vous les meilleures conditions de taux, d&rsquo;assurance emprunteur, de garanties, de frais de dossier. Il&#8230;<\/p>\n","protected":false},"author":1,"featured_media":0,"parent":0,"menu_order":0,"comment_status":"closed","ping_status":"closed","template":"","meta":{"_kad_post_transparent":"","_kad_post_title":"","_kad_post_layout":"","_kad_post_sidebar_id":"","_kad_post_content_style":"","_kad_post_vertical_padding":"","_kad_post_feature":"","_kad_post_feature_position":"","_kad_post_header":false,"_kad_post_footer":false},"_links":{"self":[{"href":"https:\/\/jscourtage.fr\/index.php\/wp-json\/wp\/v2\/pages\/64"}],"collection":[{"href":"https:\/\/jscourtage.fr\/index.php\/wp-json\/wp\/v2\/pages"}],"about":[{"href":"https:\/\/jscourtage.fr\/index.php\/wp-json\/wp\/v2\/types\/page"}],"author":[{"embeddable":true,"href":"https:\/\/jscourtage.fr\/index.php\/wp-json\/wp\/v2\/users\/1"}],"replies":[{"embeddable":true,"href":"https:\/\/jscourtage.fr\/index.php\/wp-json\/wp\/v2\/comments?post=64"}],"version-history":[{"count":16,"href":"https:\/\/jscourtage.fr\/index.php\/wp-json\/wp\/v2\/pages\/64\/revisions"}],"predecessor-version":[{"id":706,"href":"https:\/\/jscourtage.fr\/index.php\/wp-json\/wp\/v2\/pages\/64\/revisions\/706"}],"wp:attachment":[{"href":"https:\/\/jscourtage.fr\/index.php\/wp-json\/wp\/v2\/media?parent=64"}],"curies":[{"name":"wp","href":"https:\/\/api.w.org\/{rel}","templated":true}]}}