{"id":382,"date":"2018-02-09T11:13:01","date_gmt":"2018-02-09T10:13:01","guid":{"rendered":"http:\/\/jscourtage.fr\/?page_id=382"},"modified":"2023-02-12T17:16:57","modified_gmt":"2023-02-12T16:16:57","slug":"mentions-legales","status":"publish","type":"page","link":"https:\/\/jscourtage.fr\/index.php\/mentions-legales\/","title":{"rendered":"Mentions l\u00e9gales"},"content":{"rendered":"<p style=\"text-align: center;\">MENTIONS LEGALES<\/p>\n<p><strong>JS COURTAGE courtier en financement immobilier<\/strong><\/p>\n<p><strong>Article 1 \u2013 Informations l\u00e9gales<\/strong><\/p>\n<p>JS COURTAGE courtier immobilier, EURL.<\/p>\n<p>Si\u00e8ge social : 4 rue Paul F\u00e9val 42400 SAINT CHAMOND.<\/p>\n<p>Inscrite au Registre du Commerce et des Soci\u00e9t\u00e9 de ST ETIENNE sous le n\u00b0 825 041 619.<\/p>\n<p>JS COURTAGE courtier immobilier est Interm\u00e9diaire en op\u00e9rations de banque et en services de paiement, intervenant en qualit\u00e9 de courtier en pr\u00eats immobiliers, en rachat de pr\u00eat immobilier et en regroupement de cr\u00e9dits. JS COURTAGE est \u00e9galement courtier en assurances.<\/p>\n<p>Code APE 6492Z.<\/p>\n<p>N\u00b0 ORIAS : 17001012\u00a0 inscription v\u00e9rifiable sur le site\u00a0: https\u00a0:\/\/www.orias.fr.<\/p>\n<p>RC Professionnelle courtier en op\u00e9rations de banque et services de paiement, interm\u00e9diaire d&rsquo;assurance n\u00b02401200\/RD00638876L AIG Tour CB21- 92040 Paris La D\u00e9fense Cedex.<\/p>\n<p>JS COURTAGE courtier immobilier certifie n\u2019\u00eatre soumis \u00e0 aucune obligation contractuelle de travailler avec un ou plusieurs \u00e9tablissements de cr\u00e9dit, et d\u00e9clare ne pas \u00eatre d\u00e9tenu et ne pas d\u00e9tenir de droit de vote ou du capital d\u2019un \u00e9tablissement de cr\u00e9dits.<\/p>\n<p>JS COURTAGE courtier immobilier d\u00e9clare ne pas avoir enregistr\u00e9, avec un \u00e9tablissement de cr\u00e9dits, au cours de l\u2019ann\u00e9e pr\u00e9c\u00e9dente, une part sup\u00e9rieure au tiers de son chiffre d\u2019affaires au titre de l\u2019activit\u00e9 d\u2019interm\u00e9diation.<\/p>\n<p>JS COURTAGE cr\u00e9dit immobilier fait l\u2019objet d\u2019une supervision de l\u2019Autorit\u00e9 de Contr\u00f4le Prudentiel et de R\u00e9solution (ACPR) dont l\u2019adresse est la suivante : 61 rue Taitbout, 75436 Paris Cedex 09.<\/p>\n<p>site : \u00a0http:\/\/www.acpr.banque-france.fr t\u00e9l\u00e9phone : 01 49 95 40 00.<\/p>\n<p><strong>Publication<\/strong><\/p>\n<p>Directeur de Publication :\u00a0 S\u00e9bastien Jamon<\/p>\n<p><strong>Article 2 \u2013 Droits<\/strong><\/p>\n<p>Rappel de la Loi MURCEF : Article L 321-2 de la loi n\u00b02001-1168 du 11 D\u00e9cembre 2001 : \u00a0\u00bb Aucun versement, de quelque nature que ce soit, ne peut \u00eatre exig\u00e9 d&rsquo;un particulier, avant l&rsquo;obtention d&rsquo;un ou plusieurs pr\u00eats d&rsquo;argent \u00a0\u00bb<\/p>\n<p>ATTENTION : il faut comprendre par cet article l\u00e9gal qu\u2019il est totalement interdit de percevoir et d\u2019encaisser la moindre somme d\u2019argent de quelque nature que ce soit, OU FRAIS DE DOSSIER, avant l\u2019obtention d\u00e9finitive du pr\u00eat immobilier et que ce dernier soit totalement d\u00e9bloqu\u00e9. Avant la signature des offres de pr\u00eat, vous gardez la possibilit\u00e9 de modifier votre choix quant \u00e0 l\u2019\u00e9tablissement bancaire ou le courtier en charge de votre dossier, sans r\u00e9gler la moindre somme d\u2019argent, ni \u00e0 la banque, ni au courtier.<\/p>\n<p>JS COURTAGE courtier immobilier, s&rsquo;interdit de percevoir une somme repr\u00e9sentative de provision, de commission, de frais de recherche, de d\u00e9marche, de constitution de dossier ou d&rsquo;entremise quelconque avant le versement effectif des fonds pr\u00eat\u00e9s conform\u00e9ment \u00e0 l&rsquo;article L 519-6 du Code Mon\u00e9taire et Financier.<\/p>\n<p>Rappel de la loi Lagarde : \u00ab\u00a0Un cr\u00e9dit vous engage et doit \u00eatre rembours\u00e9, v\u00e9rifiez vos capacit\u00e9s de remboursement avant de vous engager\u00a0\u00bb.<\/p>\n<p>Si la vente est subordonn\u00e9e \u00e0 l\u2019obtention d\u2019un pr\u00eat et que celui-ci n\u2019est pas obtenu, le vendeur doit rembourser \u00e0 l\u2019acqu\u00e9reur les sommes vers\u00e9es.<\/p>\n<p>Lorsque la restructuration inclut un cr\u00e9dit immobilier, l\u2019emprunteur dispose d\u2019un d\u00e9lai de r\u00e9flexion de 10 jours pour accepter son cr\u00e9dit.<\/p>\n<p>La diminution des mensualit\u00e9s peut \u00e9ventuellement entrainer l\u2019allongement de la dur\u00e9e ainsi qu\u2019une \u00e9ventuelle augmentation des taux d\u2019int\u00e9r\u00eat applicables, des garanties requises, et majorer le co\u00fbt du cr\u00e9dit.<\/p>\n<p>Un cr\u00e9dit ne peut \u00eatre consenti sans \u00e9l\u00e9ment d\u2019information permettant d\u2019appr\u00e9cier la situation financi\u00e8re de l\u2019emprunteur.<\/p>\n<p>Un cr\u00e9dit vous engage et doit \u00eatre rembours\u00e9. V\u00e9rifiez vos capacit\u00e9s de remboursement avant de vous engager.<\/p>\n<p><strong>\u00a0<\/strong><\/p>\n<p><strong>Article 3 \u2013 Acc\u00e8s au site<\/strong><\/p>\n<p>L\u2019acc\u00e8s au site est r\u00e9serv\u00e9 aux personnes majeures. L\u2019\u00e9diteur se r\u00e9serve le droit de demander toute justification de votre \u00e2ge notamment si vous utilisez des services de commande en ligne.<\/p>\n<p>L\u2019acc\u00e8s au site et son utilisation sont r\u00e9serv\u00e9s \u00e0 un usage strictement personnel. Vous vous engagez \u00e0 ne pas utiliser ce site et les informations ou donn\u00e9es qui y figurent \u00e0 des fins commerciales, politiques, publicitaires et pour toute forme de sollicitation commerciale et notamment l\u2019envoi de courriers \u00e9lectroniques non sollicit\u00e9s.<\/p>\n<p><strong>Article 4 \u2013 Utilisation du site<\/strong><\/p>\n<p>L\u2019utilisateur du site JS COURTAGE.fr reconna\u00eet disposer de la comp\u00e9tence et des moyens n\u00e9cessaires pour acc\u00e9der et utiliser ce site. Il reconna\u00eet \u00e9galement avoir v\u00e9rifi\u00e9 que la configuration informatique utilis\u00e9e ne contient aucun virus et qu\u2019elle est en parfait \u00e9tat de fonctionnement.<br \/>\nEnfin, l\u2019utilisateur reconna\u00eet \u00e9galement avoir pris connaissance de la pr\u00e9sente notice l\u00e9gale et s\u2019engage \u00e0 la respecter.<\/p>\n<p>Les documents inclus dans le pr\u00e9sent site web sont mis \u00e0 disposition de bonne foi et uniquement \u00e0 titre d\u2019information. Ces documents ne constituent aucune offre d\u2019achat ou d\u2019\u00e9change, ou aucune sollicitation d\u2019offre de vente ou d\u2019\u00e9change de la moindre action de JS COURTAGE, et aucune recommandation d\u2019achat ou de vente du moindre titre. La poursuite jusqu\u2019aux pages suivantes du pr\u00e9sent site web implique que vous ayez pris acte des paragraphes ci-dessus et que vous les ayez approuv\u00e9s.<\/p>\n<p>Veuillez noter que les informations et documents qui y sont inclus ou int\u00e9gr\u00e9s \u00e0 titre de r\u00e9f\u00e9rence ne sont pas n\u00e9cessairement complets et peuvent \u00eatre modifi\u00e9s. La pr\u00e9sente d\u00e9charge peut en outre \u00eatre modifi\u00e9e ou mise \u00e0 jour. Veuillez la lire enti\u00e8rement chaque fois que vous vous rendez sur cette partie du site web.<\/p>\n<p><strong>Article 5 \u2013 Droit de propri\u00e9t\u00e9 intellectuelle<\/strong><\/p>\n<p>La structure g\u00e9n\u00e9rale du site ainsi que les textes, images anim\u00e9es ou non, les repr\u00e9sentations iconographiques et photographiques, et les sons du service sont la propri\u00e9t\u00e9 de JS COURTAGE. Toute utilisation ou reproduction, totale ou partielle, des informations figurant sur ce site, sur tout support et sous toute forme que ce soit, est donc formellement interdite.<\/p>\n<p>Vous pouvez toutefois t\u00e9l\u00e9charger ou imprimer sur papier des pages et\/ou \u00e9l\u00e9ments du site de JS COURTAGE, \u00e0 des fins strictement personnelles, pour autant que vous ne supprimiez pas les mentions relatives au droit d\u2019auteur ou autres mentions concernant les droits de propri\u00e9t\u00e9 intellectuelle.<\/p>\n<p>La marque \u00ab JS COURTAGE \u00bb ainsi que les logos figurant sur le site sont des marques (semi-figuratives ou non) et sont d\u00e9pos\u00e9s. Vous ne pouvez reproduire, supprimer, r\u00e9utiliser ou modifier en aucune mati\u00e8re ces signes distinctifs lorsqu\u2019ils apparaissent sur les pages du site, sans autorisation expresse de JS COURTAGE, au sens des articles L.713-2 et suivants du Code de la propri\u00e9t\u00e9 intellectuelle.<\/p>\n<p><strong>Article 6 \u2013 Gestion du site<\/strong><\/p>\n<p>Pour la bonne gestion du site, l\u2019\u00e9diteur pourra \u00e0 tout moment :<\/p>\n<p>\u2013 suspendre, interrompre ou de limiter l\u2019acc\u00e8s \u00e0 tout ou partie du site, r\u00e9server l\u2019acc\u00e8s au site, ou \u00e0 certaines parties du site, \u00e0 une cat\u00e9gorie d\u00e9termin\u00e9e d\u2019internaute ;<\/p>\n<p>\u2013 supprimer toute information pouvant en perturber le fonctionnement ou entrant en contravention avec les lois nationales ou internationales, ou avec les r\u00e8gles de la N\u00e9tiquette ;<\/p>\n<p>\u2013 suspendre le site afin de proc\u00e9der \u00e0 des mises \u00e0 jour.<\/p>\n<p><strong>Article 7 \u2013 Responsabilit\u00e9s<\/strong><\/p>\n<p>La responsabilit\u00e9 de l\u2019\u00e9diteur ne peut \u00eatre engag\u00e9e en cas de d\u00e9faillance, panne, difficult\u00e9 ou interruption de fonctionnement, emp\u00eachant l\u2019acc\u00e8s au site ou \u00e0 une de ses fonctionnalit\u00e9s.<\/p>\n<p>Le mat\u00e9riel de connexion au site que vous utilisez est sous votre enti\u00e8re responsabilit\u00e9. Vous devez prendre toutes les mesures appropri\u00e9es pour prot\u00e9ger votre mat\u00e9riel et vos propres donn\u00e9es notamment d\u2019attaques virales par Internet. Vous \u00eates par ailleurs le seul responsable des sites et donn\u00e9es que vous consultez.<\/p>\n<p>L\u2019\u00e9diteur ne pourra \u00eatre tenu responsable en cas de poursuites judiciaires \u00e0 votre encontre :<\/p>\n<p>\u2013 du fait de l\u2019usage du site ou de tout service accessible via Internet ;<\/p>\n<p>\u2013 du fait du non-respect par vous des pr\u00e9sentes conditions g\u00e9n\u00e9rales.<\/p>\n<p>L\u2019\u00e9diteur n\u2019est pas responsable des dommages caus\u00e9s \u00e0 vous-m\u00eame, \u00e0 des tiers et\/ou \u00e0 votre \u00e9quipement du fait de votre connexion ou de votre utilisation du site et vous renoncez \u00e0 toute action contre lui de ce fait.<\/p>\n<p>Si l\u2019\u00e9diteur venait \u00e0 faire l\u2019objet d\u2019une proc\u00e9dure amiable ou judiciaire \u00e0 raison de votre utilisation du site, il pourra retourner contre vous pour obtenir indemnisation de tous les pr\u00e9judices, sommes, condamnations et frais qui pourraient d\u00e9couler de cette proc\u00e9dure.<\/p>\n<p><strong>\u00a0<\/strong><strong>Article 8 \u2013 Liens hypertextes<\/strong><\/p>\n<p>La mise en place par JS COURTAGE de tous liens hypertextes vers tout ou partie du site est strictement interdite, sauf autorisation pr\u00e9alable et \u00e9crite de l\u2019\u00e9diteur, sollicit\u00e9e par courriel \u00e0 l\u2019adresse suivante : JS COURTAGE, 4 rue Paul F\u00e9val &#8211; 42400 SAINT CHAMOND.<\/p>\n<p>L\u2019\u00e9diteur est libre de refuser cette autorisation sans avoir \u00e0 justifier de quelque mani\u00e8re que ce soit sa d\u00e9cision. Dans le cas o\u00f9 l\u2019\u00e9diteur accorderait son autorisation, celle-ci n\u2019est dans tous les cas que temporaire et pourra \u00eatre retir\u00e9e \u00e0 tout moment, sans obligation de justification \u00e0 la charge de l\u2019\u00e9diteur.<\/p>\n<p>Dans tous les cas, tout lien devra \u00eatre retir\u00e9 sur simple demande de l\u2019\u00e9diteur.<\/p>\n<p>Toute information accessible via un lien vers d\u2019autres sites n\u2019est pas sous le contr\u00f4le de l\u2019\u00e9diteur qui d\u00e9cline toute responsabilit\u00e9 quant \u00e0 leur contenu.<\/p>\n<p><strong>Article 9 \u2013 Collecte de donn\u00e9es<\/strong><\/p>\n<p>Les informations personnelles pouvant \u00eatre recueillies sur le site sont principalement utilis\u00e9es par l\u2019\u00e9diteur pour la gestion des relations avec vous, et le cas \u00e9ch\u00e9ant pour le traitement de vos commandes. Elles sont enregistr\u00e9es dans le fichier de clients de l\u2019\u00e9diteur, et le fichier ainsi \u00e9labor\u00e9 \u00e0 partir de donn\u00e9es \u00e0 caract\u00e8re personnel est d\u00e9clar\u00e9 aupr\u00e8s de la CNIL.<\/p>\n<p>En application de la loi 78-17 du 6 janvier 1978 relative \u00e0 l\u2019informatique, aux fichiers et libert\u00e9s, les informations concernant le client, recueillies pour les besoins li\u00e9s au mandat ne sont utilis\u00e9es et ne peuvent faire l\u2019objet de communication ext\u00e9rieure que pour les seules n\u00e9cessit\u00e9s de gestion, d\u2019action commerciale du courtier et de respect de la l\u00e9gislation en vigueur.<\/p>\n<p>En application des articles 39 et suivants de la loi du 6 janvier 1978 modifi\u00e9e, relative \u00e0 l\u2019informatique, aux fichiers et libert\u00e9s, le CLIENT b\u00e9n\u00e9ficie d\u2019un droit d\u2019acc\u00e8s et de rectification des informations qui le concernent.<\/p>\n<p>Si le CLIENT souhaite exercer ce droit et obtenir communication des informations le concernant, il doit s\u2019adresser \u00e0 JS COURTAGE.<\/p>\n<p>Pour des raisons de s\u00e9curit\u00e9 et \u00e9viter toute demande frauduleuse, cette demande devra \u00eatre accompagn\u00e9e d\u2019un justificatif d\u2019identit\u00e9. Apr\u00e8s traitement de la demande ce justificatif sera d\u00e9truit.<\/p>\n<p>Les informations recueillies pourront \u00e9ventuellement \u00eatre communiqu\u00e9es \u00e0 des tiers li\u00e9s \u00e0 l\u2019\u00e9diteur par contrat pour l\u2019ex\u00e9cution de t\u00e2ches sous-trait\u00e9es n\u00e9cessaires \u00e0 la gestion de votre compte et sans que vous ayez \u00e0 donner votre autorisation. En cas d\u2019infraction av\u00e9r\u00e9e \u00e0 des dispositions l\u00e9gales ou r\u00e9glementaires, ces informations pourront faire l\u2019objet d\u2019une communication sur demande expresse et motiv\u00e9e des autorit\u00e9s judiciaires.<\/p>\n<p>Lorsque certaines informations sont obligatoires pour acc\u00e9der \u00e0 des fonctionnalit\u00e9s sp\u00e9cifiques du site, l\u2019\u00e9diteur indiquera ce caract\u00e8re obligatoire au moment de la saisie des donn\u00e9es.<\/p>\n<p><strong>Article 10 \u2013 Cookies<\/strong><\/p>\n<p>Le site peut collecter automatiquement des informations standards telle que votre les donn\u00e9es que vous nous fournissez, par exemple, votre nom, adresse e-mail, adresse ou code postal. Ces informations peuvent \u00eatre recueillies de diff\u00e9rentes mani\u00e8res, y compris lorsque vous utilisez notre service, interagissez avec le service client\u00e8le. Toutes les informations collect\u00e9es indirectement ne seront utilis\u00e9es que pour suivre le volume, le type et la configuration du trafic utilisant ce site, pour en d\u00e9velopper la conception et l\u2019agencement et \u00e0 d\u2019autres fins administratives et de planification et plus g\u00e9n\u00e9ralement pour am\u00e9liorer le service que nous vous offrons.<\/p>\n<p><strong>\u00a0<\/strong><strong>Article 11 \u2013 Photographies et repr\u00e9sentation des produits<\/strong><\/p>\n<p>Les photographies de produits, accompagnant leur description, ne sont pas contractuelles et n\u2019engagent pas l\u2019\u00e9diteur.<\/p>\n<p><strong>Article 12 \u2013 Loi applicable<\/strong><\/p>\n<p>Les pr\u00e9sentes conditions d\u2019utilisation du site sont r\u00e9gies par la loi fran\u00e7aise et soumises \u00e0 la comp\u00e9tence des tribunaux de Paris, sous r\u00e9serve d\u2019une attribution de comp\u00e9tence sp\u00e9cifique d\u00e9coulant d\u2019un texte de loi ou r\u00e9glementaire particulier.<\/p>\n<p><strong>Article 13 \u2013 Contactez-nous<\/strong><\/p>\n<p>Pour toute question, information sur les produits pr\u00e9sent\u00e9s sur le site, ou concernant le site lui-m\u00eame, vous pouvez laisser un message \u00e0 l\u2019adresse suivante : contact@JSCOURTAGE.fr<\/p>\n<p><strong>Article 14 -Traitement des r\u00e9clamations<\/strong><\/p>\n<p>En cas de r\u00e9clamation, le CLIENT est invit\u00e9 \u00e0 d\u00e9poser une demande par \u00e9crit aupr\u00e8s de la JS COURTAGE\u00a0 Courtier immobilier, repr\u00e9sent\u00e9e par Monsieur S\u00e9bastien JAMON, sise 4 rue Paul F\u00e9val, 42400 SAINT CHAMOND &#8211; t\u00e9l : 06 73 18 56 31<\/p>\n<p>JS COURTAGE \u00a0s\u2019engage \u00e0 :<\/p>\n<ul>\n<li>A accuser r\u00e9ception de la r\u00e9clamation dans un d\u00e9lai maximum de 10 jours ouvrables \u00e0 compter de la r\u00e9ception de la r\u00e9clamation.<\/li>\n<li>A r\u00e9pondre au client dans un d\u00e9lai de 2 mois maximum entre la date de r\u00e9ception de la d\u00e9claration et la date d\u2019envoi de la r\u00e9ponse au client, sauf survenance de circonstances particuli\u00e8res d\u00fbment justifi\u00e9es.<\/li>\n<\/ul>\n<p>Sauf difficult\u00e9 particuli\u00e8re li\u00e9e \u00e0 la r\u00e9clamation, le MANDATAIRE s\u2019engage \u00e0 r\u00e9pondre au CLIENT dans les deux mois \u00e0 compter de la r\u00e9ception de la r\u00e9clamation.<\/p>\n<p><strong>Nos partenaires bancaires :<\/strong><\/p>\n<p>JS COURTAGE \u00a0agit en qualit\u00e9 de courtier en op\u00e9rations de banque et services de paiement.<\/p>\n<p>Banque Populaire Auvergne Rh\u00f4ne Alpes, Caisse d&rsquo;Epargne Loire Dr\u00f4me Ard\u00e8che (CELDA), Caisse d&rsquo;Epargne Auvergne et Limousin (CEPAL), Cr\u00e9dit Industriel et Commercial (CIC), BNP Paribas, Cr\u00e9dit Mutuel, Banque Nuger, Banque Rh\u00f4ne-Alpes (BRA).<\/p>\n<p><strong>Nos partenaires en regroupement de cr\u00e9dits.<\/strong><\/p>\n<p>JS COURTAGE \u00a0agit en qualit\u00e9 de mandataire d&rsquo;interm\u00e9diaire en regroupement de cr\u00e9dits.<\/p>\n<p>QUI<\/p>\n<p><strong>Nos partenaires assureurs<\/strong><\/p>\n<p>JS COURTAGE \u00a0agit en qualit\u00e9 de Courtier en assurance de pr\u00eats.<\/p>\n<p>April, G\u00e9n\u00e9rali, Harmonie Mutuelle, MNCAP.<\/p>\n<p><strong>\u00a0<\/strong><\/p>\n<p><strong>\u00a0<\/strong><\/p>\n<p><strong>\u00a0<\/strong><\/p>\n","protected":false},"excerpt":{"rendered":"<p>MENTIONS LEGALES JS COURTAGE courtier en financement immobilier Article 1 \u2013 Informations l\u00e9gales JS COURTAGE courtier immobilier, EURL. Si\u00e8ge social : 4 rue Paul F\u00e9val 42400 SAINT CHAMOND. Inscrite au Registre du Commerce et des Soci\u00e9t\u00e9 de ST ETIENNE sous le n\u00b0 825 041 619. JS COURTAGE courtier immobilier est Interm\u00e9diaire en op\u00e9rations de banque&#8230;<\/p>\n","protected":false},"author":1,"featured_media":0,"parent":0,"menu_order":0,"comment_status":"closed","ping_status":"closed","template":"","meta":{"_kad_post_transparent":"","_kad_post_title":"","_kad_post_layout":"","_kad_post_sidebar_id":"","_kad_post_content_style":"","_kad_post_vertical_padding":"","_kad_post_feature":"","_kad_post_feature_position":"","_kad_post_header":false,"_kad_post_footer":false},"_links":{"self":[{"href":"https:\/\/jscourtage.fr\/index.php\/wp-json\/wp\/v2\/pages\/382"}],"collection":[{"href":"https:\/\/jscourtage.fr\/index.php\/wp-json\/wp\/v2\/pages"}],"about":[{"href":"https:\/\/jscourtage.fr\/index.php\/wp-json\/wp\/v2\/types\/page"}],"author":[{"embeddable":true,"href":"https:\/\/jscourtage.fr\/index.php\/wp-json\/wp\/v2\/users\/1"}],"replies":[{"embeddable":true,"href":"https:\/\/jscourtage.fr\/index.php\/wp-json\/wp\/v2\/comments?post=382"}],"version-history":[{"count":2,"href":"https:\/\/jscourtage.fr\/index.php\/wp-json\/wp\/v2\/pages\/382\/revisions"}],"predecessor-version":[{"id":643,"href":"https:\/\/jscourtage.fr\/index.php\/wp-json\/wp\/v2\/pages\/382\/revisions\/643"}],"wp:attachment":[{"href":"https:\/\/jscourtage.fr\/index.php\/wp-json\/wp\/v2\/media?parent=382"}],"curies":[{"name":"wp","href":"https:\/\/api.w.org\/{rel}","templated":true}]}}