{"id":31,"date":"2017-11-30T17:26:34","date_gmt":"2017-11-30T16:26:34","guid":{"rendered":"http:\/\/jscourtage.fr\/?page_id=31"},"modified":"2023-02-19T16:00:59","modified_gmt":"2023-02-19T15:00:59","slug":"contact","status":"publish","type":"page","link":"https:\/\/jscourtage.fr\/index.php\/contact\/","title":{"rendered":"Contact"},"content":{"rendered":"<style id=\"kb-rowlayout_87570c-1f\">#kt-layout-id_87570c-1f{background-image:url('https:\/\/jscourtage.fr\/wp-content\/uploads\/2023\/02\/about-ralph-ravi-kayden-2d4lAQAlbDA-unsplash.jpg');background-size:cover;background-position:50% 50%;background-attachment:scroll;background-repeat:no-repeat;}#kt-layout-id_87570c-1f > .kt-row-column-wrap{padding-top:225px;}#kt-layout-id_87570c-1f > .kt-row-layout-overlay{opacity:0.48;background-color:var(--global-palette3, #1A202C);}<\/style>\n<div class=\"wp-block-kadence-rowlayout alignnone\"><div id=\"kt-layout-id_87570c-1f\" class=\"kt-row-layout-inner kt-row-has-bg kt-layout-id_87570c-1f\"><div class=\"kt-row-layout-overlay kt-row-overlay-normal\"><\/div><div class=\"kt-row-column-wrap kt-has-1-columns kt-gutter-default kt-v-gutter-default kt-row-valign-top kt-row-layout-equal kt-tab-layout-inherit kt-m-colapse-left-to-right kt-mobile-layout-row\">\n<div class=\"wp-block-kadence-column inner-column-1 kadence-column_2fa605-75\"><div class=\"kt-inside-inner-col\"><style id=\"kb-advancedheading_f08b56-32\">#kt-adv-heading_f08b56-32, #kt-adv-heading_f08b56-32 .wp-block-kadence-advancedheading, .wp-block-kadence-advancedheading.kt-adv-heading_f08b56-32[data-kb-block=\"kb-adv-heading_f08b56-32\"], .kadence-advanced-heading-wrapper .kt-adv-heading_f08b56-32[data-kb-block=\"kb-adv-heading_f08b56-32\"]{font-size:60px;padding-left:110px;}<\/style>\n<h2 class=\"kt-adv-heading_f08b56-32 wp-block-kadence-advancedheading has-theme-palette-9-color has-text-color\" data-kb-block=\"kb-adv-heading_f08b56-32\">Contactez-nous !<\/h2>\n<\/div><\/div>\n<\/div><\/div><\/div>\n\n\n<style id=\"kb-rowlayout_2dc014-5a\">#kt-layout-id_2dc014-5a > .kt-row-column-wrap.kb-theme-content-width{max-width:1290px;}.kt-layout-id_2dc014-5a > .kb-theme-content-width{padding-left:var(--global-content-edge-padding);padding-right:var(--global-content-edge-padding);}#kt-layout-id_2dc014-5a{background-color:rgba(0,0,0,0);}#kt-layout-id_2dc014-5a > .kt-row-column-wrap{padding-top:0px;}<\/style>\n<div class=\"wp-block-kadence-rowlayout alignnone\"><div id=\"kt-layout-id_2dc014-5a\" class=\"kt-row-layout-inner kt-row-has-bg kt-layout-id_2dc014-5a\"><div class=\"kt-row-column-wrap kt-has-1-columns kt-gutter-default kt-v-gutter-default kt-row-valign-top kt-row-layout-equal kt-tab-layout-inherit kt-m-colapse-left-to-right kt-mobile-layout-row kb-theme-content-width\"><style id=\"kb-column_627b07-73\">.kadence-column_627b07-73 > .kt-inside-inner-col{padding-top:30px;}<\/style>\n<div class=\"wp-block-kadence-column inner-column-1 kadence-column_627b07-73\"><div class=\"kt-inside-inner-col\">\n<h4 class=\"has-text-align-left\" style=\"padding-top:0;padding-right:0;padding-bottom:0;padding-left:0;font-style:normal;font-weight:400\">Pour toute demande d&rsquo;information ou pour faire une simulation de votre projet <br><a href=\"https:\/\/jscourtage.fr\/index.php\/courtage-en-assurance-de-credit\/\">assurance de pr\u00eat<\/a> ou <a href=\"https:\/\/jscourtage.fr\/index.php\/courtage-en-pret-immobilier\/\">pr\u00eat immobilier<\/a>, n&rsquo;h\u00e9sitez pas \u00e0 nous contacter !<\/h4>\n<\/div><\/div>\n<\/div><\/div><\/div>\n\n\n<style id=\"kb-rowlayout_8442f3-2c\">#kt-layout-id_8442f3-2c > .kt-row-column-wrap.kb-theme-content-width{max-width:1290px;}.kt-layout-id_8442f3-2c > .kb-theme-content-width{padding-left:var(--global-content-edge-padding);padding-right:var(--global-content-edge-padding);}@media all and (min-width: 768px){#kt-layout-id_8442f3-2c > .kt-row-column-wrap > .inner-column-1{flex:0 1 65%;-webkit-flex:0 1 65%;}#kt-layout-id_8442f3-2c > .kt-row-column-wrap > .inner-column-2{flex:0 1 35%;-webkit-flex:0 1 35%;}}#kt-layout-id_8442f3-2c > .kt-row-column-wrap{padding-top:38px;padding-bottom:80px;}<\/style>\n<div class=\"wp-block-kadence-rowlayout alignnone\"><div id=\"kt-layout-id_8442f3-2c\" class=\"kt-row-layout-inner kt-layout-id_8442f3-2c\"><div class=\"kt-row-column-wrap kt-has-2-columns kt-gutter-widest kt-v-gutter-default kt-row-valign-top kt-row-layout-left-golden kt-tab-layout-inherit kt-m-colapse-left-to-right kt-mobile-layout-row  kt-custom-first-width-65  kt-custom-second-width-35 kb-theme-content-width\"><style id=\"kb-column_ebb7f6-1f\">.kadence-column_ebb7f6-1f > .kt-inside-inner-col{padding-top:40px;padding-bottom:40px;padding-left:40px;padding-right:40px;border-top-width:0px;border-right-width:0px;border-bottom-width:0px;border-left-width:0px;border-top-left-radius:10px;border-top-right-radius:10px;border-bottom-right-radius:10px;border-bottom-left-radius:10px;}.kadence-column_ebb7f6-1f > .kt-inside-inner-col{background-color:#f4f4f5;}<\/style>\n<div class=\"wp-block-kadence-column inner-column-1 kadence-column_ebb7f6-1f\"><div class=\"kt-inside-inner-col\"><style id=\"kb-form_063f9d-09\">.wp-block-kadence-form.kadence-form-_063f9d-09.kb-form-wrap {}@media (max-width: 1024px) {.wp-block-kadence-form.kadence-form-_063f9d-09.kb-form-wrap {}}@media (max-width: 767px) {.wp-block-kadence-form.kadence-form-_063f9d-09.kb-form-wrap {}}.kadence-form-_063f9d-09 .kb-form .kadence-blocks-form-field .kb-text-style-field, .kadence-form-_063f9d-09 .kb-form .kadence-blocks-form-field .kb-select-style-field {color:var(--global-palette5, #4A5568);font-size:16px;line-height:22px;background:var(--global-palette9, #ffffff);border-color:rgba(113, 128, 150, 0.1);}.kadence-form-_063f9d-09 .kb-form .kadence-blocks-form-field .kb-text-style-field:focus, .kadence-form-_063f9d-09 .kb-form .kadence-blocks-form-field .kb-select-style-field:focus {color:var(--global-palette4, #2D3748);border-color:var(--global-palette5, #4A5568);background:var(--global-palette9, #ffffff);}.kadence-form-_063f9d-09 .kb-form .kadence-blocks-form-field > label {}.kadence-form-_063f9d-09 .kb-form .kadence-blocks-form-field .kb-forms-submit {color:#ffffff;border-radius:5px;background:var(--global-palette1, #3182CE);}.kadence-form-_063f9d-09 .kb-form .kadence-blocks-form-field .kb-forms-submit:hover, .kadence-form-_063f9d-09 .kb-form .kadence-blocks-form-field .kb-forms-submit:focus  {color:var(--global-palette9, #ffffff);background:var(--global-palette2, #2B6CB0);}.kadence-form-_063f9d-09 .kb-form .kadence-blocks-form-field .kb-forms-submit {}.kadence-form-_063f9d-09 .kadence-blocks-form-message, .kadence-form-_063f9d-09 .kb-form-error-msg {}<\/style>\n<div class=\"wp-block-kadence-form kadence-form-_063f9d-09 kb-form-wrap\"><form class=\"kb-form\" action=\"\" method=\"post\"><div class=\"kadence-blocks-form-field kb-field-desk-width-100 kb-input-size-standard\"><label for=\"kb_field__063f9d-09_0\">Nom<span class=\"required\">*<\/span><\/label><input name=\"kb_field_0\" id=\"kb_field__063f9d-09_0\" data-label=\"Nom\" type=\"text\" placeholder=\"\" value=\"\" data-type=\"text\" class=\"kb-field kb-text-style-field kb-text-field kb-field-0\" data-required=\"yes\"\/><\/div><div class=\"kadence-blocks-form-field kb-form-field-1 kb-field-desk-width-100 kb-input-size-standard\"><label for=\"kb_field__063f9d-09_1\">Email<span class=\"required\">*<\/span><\/label><input name=\"kb_field_1\" id=\"kb_field__063f9d-09_1\" data-label=\"Email\" type=\"email\" placeholder=\"\" value=\"\" data-type=\"email\" class=\"kb-field kb-text-style-field kb-email-field kb-field-1\" data-required=\"yes\"\/><\/div><div class=\"kadence-blocks-form-field kb-form-field-2 kb-field-desk-width-100 kb-input-size-standard\"><label for=\"kb_field__063f9d-09_2\">T\u00e9l\u00e9phone<\/label><input name=\"kb_field_2\" id=\"kb_field__063f9d-09_2\" data-label=\"T\u00e9l\u00e9phone\" type=\"text\" placeholder=\"\" value=\"\" data-type=\"text\" class=\"kb-field kb-text-style-field kb-text-field kb-field-2\"\/><\/div><div class=\"kadence-blocks-form-field kb-form-field-3 kb-field-desk-width-100 kb-input-size-standard\"><label for=\"kb_field__063f9d-09_3\">Sujet<span class=\"required\">*<\/span><\/label><div data-type=\"checkbox\" data-label=\"Sujet\" id=\"kb_field__063f9d-09_3\" class=\"kb-field kb-checkbox-style-field kb-checkbox-field kb-field-3 kb-radio-style-inline\" data-required=\"yes\"><div data-type=\"checkbox\" class=\"kb-checkbox-item kb-checkbox-item-0\"><input type=\"checkbox\" name=\"kb_field_3[]\" id=\"kb_field_3_0\" class=\"kb-sub-field kb-checkbox-style\" value=\"Assurance\"\/><label for=\"kb_field_3_0\">Assurance<\/label><\/div><div data-type=\"checkbox\" class=\"kb-checkbox-item kb-checkbox-item-1\"><input type=\"checkbox\" name=\"kb_field_3[]\" id=\"kb_field_3_1\" class=\"kb-sub-field kb-checkbox-style\" value=\"Pr\u00eat immobilier\"\/><label for=\"kb_field_3_1\">Pr\u00eat immobilier<\/label><\/div><div data-type=\"checkbox\" class=\"kb-checkbox-item kb-checkbox-item-2\"><input type=\"checkbox\" name=\"kb_field_3[]\" id=\"kb_field_3_2\" class=\"kb-sub-field kb-checkbox-style\" value=\"Autre\"\/><label for=\"kb_field_3_2\">Autre<\/label><\/div><\/div><\/div><div class=\"kadence-blocks-form-field kb-form-field-4 kb-field-desk-width-100 kb-input-size-standard\"><label for=\"kb_field__063f9d-09_4\">Message<span class=\"required\">*<\/span><\/label><textarea name=\"kb_field_4\" id=\"kb_field__063f9d-09_4\" data-label=\"Message\" type=\"textarea\" placeholder=\"\" data-type=\"textarea\" class=\"kb-field kb-text-style-field kb-textarea-field kb-field-4\" rows=\"4\" data-required=\"yes\"><\/textarea><\/div><input type=\"hidden\" name=\"_kb_form_id\" value=\"_063f9d-09\"\/><input type=\"hidden\" name=\"_kb_form_post_id\" value=\"31\"\/><input type=\"hidden\" name=\"action\" value=\"kb_process_ajax_submit\"\/><input class=\"kadence-blocks-field verify\" type=\"text\" name=\"_kb_verify_email\" autocomplete=\"off\" aria-hidden=\"true\" placeholder=\"Email\" tabindex=\"-1\"\/><div class=\"kadence-blocks-form-field kb-submit-field kb-field-desk-width-100\"><button class=\"kb-forms-submit button kb-button-size-standard kb-button-width-auto\">Envoyer<\/button><\/div><\/form><\/div>\n<\/div><\/div>\n\n\n\n<div class=\"wp-block-kadence-column inner-column-2 kadence-column_2e02cf-b0\"><div class=\"kt-inside-inner-col\">\n<figure class=\"wp-block-kadence-image kb-image_a1f1bc-76 size-medium\"><img decoding=\"async\" loading=\"lazy\" width=\"223\" height=\"300\" src=\"https:\/\/jscourtage.fr\/wp-content\/uploads\/2018\/10\/JSCOURTAGE-1-223x300.jpg\" alt=\"\" class=\"kb-img wp-image-477\" srcset=\"https:\/\/jscourtage.fr\/wp-content\/uploads\/2018\/10\/JSCOURTAGE-1-223x300.jpg 223w, https:\/\/jscourtage.fr\/wp-content\/uploads\/2018\/10\/JSCOURTAGE-1.jpg 574w\" sizes=\"(max-width: 223px) 100vw, 223px\" \/><\/figure>\n\n\n\n<h5 class=\"has-theme-palette-2-color has-text-color\">S\u00e9bastien JAMON <br>06 73 18 56 31<\/h5>\n\n\n\n<p><\/p>\n\n\n\n<h5 class=\"kt-adv-heading_ebab87-ad wp-block-kadence-advancedheading has-theme-palette-1-color has-text-color\" data-kb-block=\"kb-adv-heading_ebab87-ad\"><a href=\"mailto:contact@jscourtage.fr\">contact@jscourtage.fr<\/a><strong><br><\/strong><\/h5>\n\n\n\n<p><\/p>\n<\/div><\/div>\n<\/div><\/div><\/div>\n\n\n<style id=\"kb-rowlayout_a00780-2e\">#kt-layout-id_a00780-2e > .kt-row-column-wrap.kb-theme-content-width{max-width:1290px;}.kt-layout-id_a00780-2e > .kb-theme-content-width{padding-left:var(--global-content-edge-padding);padding-right:var(--global-content-edge-padding);}#kt-layout-id_a00780-2e > .kt-row-column-wrap{padding-top:0px;padding-bottom:48px;}<\/style>\n<div class=\"wp-block-kadence-rowlayout alignnone\"><div id=\"kt-layout-id_a00780-2e\" class=\"kt-row-layout-inner kt-layout-id_a00780-2e\"><div class=\"kt-row-column-wrap kt-has-1-columns kt-gutter-default kt-v-gutter-default kt-row-valign-top kt-row-layout-equal kt-tab-layout-inherit kt-m-colapse-left-to-right kt-mobile-layout-row kb-theme-content-width\">\n<div class=\"wp-block-kadence-column inner-column-1 kadence-column_afd26c-e6\"><div class=\"kt-inside-inner-col\">\n<iframe src=\"https:\/\/www.google.com\/maps\/embed?pb=!1m18!1m12!1m3!1d63319.2327299398!2d4.438489119822832!3d45.462930719897486!2m3!1f0!2f0!3f0!3m2!1i1024!2i768!4f13.1!3m3!1m2!1s0x47f500f391611d25%3A0x4093cafcbe80c10!2s42400%20Saint-Chamond!5e0!3m2!1sfr!2sfr!4v1676667118660!5m2!1sfr!2sfr\" width=\"1178\" height=\"350\" style=\"border:0;\" allowfullscreen=\"\" loading=\"lazy\" referrerpolicy=\"no-referrer-when-downgrade\"><\/iframe>\n<\/div><\/div>\n<\/div><\/div><\/div>\n\n\n<style id=\"kb-advancedgallery_aaca39-24\">.wp-block-kadence-advancedgallery.kb-gallery-wrap-id-_aaca39-24 {overflow: hidden;}<\/style>\n<div class=\"wp-block-kadence-advancedgallery kb-gallery-wrap-id-_aaca39-24\"><div class=\"kb-gallery-ul kb-gallery-type-carousel kb-gallery-id-_aaca39-24 kb-gallery-caption-style-bottom-hover kb-gallery-filter-mayfair\" data-image-filter=\"mayfair\" data-lightbox-caption=\"true\"><div class=\"kt-blocks-carousel kt-carousel-container-dotstyle-dark\"><div class=\"kt-blocks-carousel-init kb-gallery-carousel kt-carousel-arrowstyle-whiteondark kt-carousel-dotstyle-dark\" data-columns-xxl=\"4\" data-columns-xl=\"4\" data-columns-md=\"4\" data-columns-sm=\"3\" data-columns-xs=\"2\" data-columns-ss=\"2\" data-slider-anim-speed=\"400\" data-slider-scroll=\"1\" data-slider-arrows=\"true\" data-slider-dots=\"true\" data-slider-hover-pause=\"false\" data-slider-auto=\"false\" data-slider-speed=\"7000\"><div class=\"kb-slide-item kb-gallery-carousel-item\"><div class=\"kadence-blocks-gallery-item\"><div class=\"kadence-blocks-gallery-item-inner\"><figure class=\"kb-gallery-figure kadence-blocks-gallery-item-hide-caption kb-has-image-ratio-inherit\"><div class=\"kb-gal-image-radius\" style=\"max-width:650px\"><div class=\"kb-gallery-image-contain kadence-blocks-gallery-intrinsic kb-gallery-image-ratio-inherit\"><img decoding=\"async\" loading=\"lazy\" src=\"https:\/\/jscourtage.fr\/wp-content\/uploads\/2023\/02\/jacques-bopp-wtzOhxEX4WU-unsplash.jpg\" width=\"650\" height=\"434\" alt=\"\" data-full-image=\"https:\/\/jscourtage.fr\/wp-content\/uploads\/2023\/02\/jacques-bopp-wtzOhxEX4WU-unsplash.jpg\" data-light-image=\"https:\/\/jscourtage.fr\/wp-content\/uploads\/2023\/02\/jacques-bopp-wtzOhxEX4WU-unsplash.jpg\" data-id=\"682\" data-link=\"https:\/\/jscourtage.fr\/jacques-bopp-wtzohxex4wu-unsplash-jpg\/\" data-custom-link=\"\" data-custom-link-target=\"\" data-sponsored=\"\" class=\"wp-image-682 skip-lazy\" srcset=\"https:\/\/jscourtage.fr\/wp-content\/uploads\/2023\/02\/jacques-bopp-wtzOhxEX4WU-unsplash.jpg 650w, https:\/\/jscourtage.fr\/wp-content\/uploads\/2023\/02\/jacques-bopp-wtzOhxEX4WU-unsplash-300x200.jpg 300w, https:\/\/jscourtage.fr\/wp-content\/uploads\/2023\/02\/jacques-bopp-wtzOhxEX4WU-unsplash-272x182.jpg 272w\" sizes=\"(max-width: 650px) 100vw, 650px\" \/><\/div><\/div><\/figure><\/div><\/div><\/div><div class=\"kb-slide-item kb-gallery-carousel-item\"><div class=\"kadence-blocks-gallery-item\"><div class=\"kadence-blocks-gallery-item-inner\"><figure class=\"kb-gallery-figure kadence-blocks-gallery-item-hide-caption kb-has-image-ratio-inherit\"><div class=\"kb-gal-image-radius\" style=\"max-width:900px\"><div class=\"kb-gallery-image-contain kadence-blocks-gallery-intrinsic kb-gallery-image-ratio-inherit\"><img decoding=\"async\" loading=\"lazy\" src=\"https:\/\/jscourtage.fr\/wp-content\/uploads\/2023\/01\/daniel-faust-EPzfdoMYm7s-unsplash.jpg\" width=\"900\" height=\"600\" alt=\"\" data-full-image=\"https:\/\/jscourtage.fr\/wp-content\/uploads\/2023\/01\/daniel-faust-EPzfdoMYm7s-unsplash.jpg\" data-light-image=\"https:\/\/jscourtage.fr\/wp-content\/uploads\/2023\/01\/daniel-faust-EPzfdoMYm7s-unsplash.jpg\" data-id=\"555\" data-link=\"https:\/\/jscourtage.fr\/daniel-faust-epzfdomym7s-unsplash\/\" data-custom-link=\"\" data-custom-link-target=\"\" data-sponsored=\"\" class=\"wp-image-555 skip-lazy\" srcset=\"https:\/\/jscourtage.fr\/wp-content\/uploads\/2023\/01\/daniel-faust-EPzfdoMYm7s-unsplash.jpg 900w, https:\/\/jscourtage.fr\/wp-content\/uploads\/2023\/01\/daniel-faust-EPzfdoMYm7s-unsplash-300x200.jpg 300w, https:\/\/jscourtage.fr\/wp-content\/uploads\/2023\/01\/daniel-faust-EPzfdoMYm7s-unsplash-768x512.jpg 768w, https:\/\/jscourtage.fr\/wp-content\/uploads\/2023\/01\/daniel-faust-EPzfdoMYm7s-unsplash-272x182.jpg 272w\" sizes=\"(max-width: 900px) 100vw, 900px\" \/><\/div><\/div><\/figure><\/div><\/div><\/div><div class=\"kb-slide-item kb-gallery-carousel-item\"><div class=\"kadence-blocks-gallery-item\"><div class=\"kadence-blocks-gallery-item-inner\"><figure class=\"kb-gallery-figure kadence-blocks-gallery-item-hide-caption kb-has-image-ratio-inherit\"><div class=\"kb-gal-image-radius\" style=\"max-width:1024px\"><div class=\"kb-gallery-image-contain kadence-blocks-gallery-intrinsic kb-gallery-image-ratio-inherit\"><img decoding=\"async\" loading=\"lazy\" src=\"https:\/\/jscourtage.fr\/wp-content\/uploads\/2023\/02\/living-room-2732939_1920-1024x677.jpg\" width=\"1024\" height=\"677\" alt=\"\" data-full-image=\"https:\/\/jscourtage.fr\/wp-content\/uploads\/2023\/02\/living-room-2732939_1920.jpg\" data-light-image=\"https:\/\/jscourtage.fr\/wp-content\/uploads\/2023\/02\/living-room-2732939_1920.jpg\" data-id=\"749\" data-link=\"https:\/\/jscourtage.fr\/?attachment_id=749\" data-custom-link=\"\" data-custom-link-target=\"\" data-sponsored=\"\" class=\"wp-image-749 skip-lazy\" srcset=\"https:\/\/jscourtage.fr\/wp-content\/uploads\/2023\/02\/living-room-2732939_1920-1024x677.jpg 1024w, https:\/\/jscourtage.fr\/wp-content\/uploads\/2023\/02\/living-room-2732939_1920-300x198.jpg 300w, https:\/\/jscourtage.fr\/wp-content\/uploads\/2023\/02\/living-room-2732939_1920-768x508.jpg 768w, https:\/\/jscourtage.fr\/wp-content\/uploads\/2023\/02\/living-room-2732939_1920-1536x1016.jpg 1536w, https:\/\/jscourtage.fr\/wp-content\/uploads\/2023\/02\/living-room-2732939_1920.jpg 1920w\" sizes=\"(max-width: 1024px) 100vw, 1024px\" \/><\/div><\/div><\/figure><\/div><\/div><\/div><div class=\"kb-slide-item kb-gallery-carousel-item\"><div class=\"kadence-blocks-gallery-item\"><div class=\"kadence-blocks-gallery-item-inner\"><figure class=\"kb-gallery-figure kadence-blocks-gallery-item-hide-caption kb-has-image-ratio-inherit\"><div class=\"kb-gal-image-radius\" style=\"max-width:650px\"><div class=\"kb-gallery-image-contain kadence-blocks-gallery-intrinsic kb-gallery-image-ratio-inherit\"><img decoding=\"async\" loading=\"lazy\" src=\"https:\/\/jscourtage.fr\/wp-content\/uploads\/2023\/02\/sieuwert-otterloo-aren8nutd1Q-unsplash.jpg\" width=\"650\" height=\"434\" alt=\"\" data-full-image=\"https:\/\/jscourtage.fr\/wp-content\/uploads\/2023\/02\/sieuwert-otterloo-aren8nutd1Q-unsplash.jpg\" data-light-image=\"https:\/\/jscourtage.fr\/wp-content\/uploads\/2023\/02\/sieuwert-otterloo-aren8nutd1Q-unsplash.jpg\" data-id=\"685\" data-link=\"https:\/\/jscourtage.fr\/sieuwert-otterloo-aren8nutd1q-unsplash-jpg\/\" data-custom-link=\"\" data-custom-link-target=\"\" data-sponsored=\"\" class=\"wp-image-685 skip-lazy\" srcset=\"https:\/\/jscourtage.fr\/wp-content\/uploads\/2023\/02\/sieuwert-otterloo-aren8nutd1Q-unsplash.jpg 650w, https:\/\/jscourtage.fr\/wp-content\/uploads\/2023\/02\/sieuwert-otterloo-aren8nutd1Q-unsplash-300x200.jpg 300w, https:\/\/jscourtage.fr\/wp-content\/uploads\/2023\/02\/sieuwert-otterloo-aren8nutd1Q-unsplash-272x182.jpg 272w\" sizes=\"(max-width: 650px) 100vw, 650px\" \/><\/div><\/div><\/figure><\/div><\/div><\/div><\/div><\/div><\/div><\/div>\n","protected":false},"excerpt":{"rendered":"<p>Contactez-nous ! Pour toute demande d&rsquo;information ou pour faire une simulation de votre projet assurance de pr\u00eat ou pr\u00eat immobilier, n&rsquo;h\u00e9sitez pas \u00e0 nous contacter ! S\u00e9bastien JAMON 06 73 18 56 31 contact@jscourtage.fr<\/p>\n","protected":false},"author":1,"featured_media":0,"parent":0,"menu_order":0,"comment_status":"closed","ping_status":"closed","template":"","meta":{"_kad_post_transparent":"default","_kad_post_title":"default","_kad_post_layout":"fullwidth","_kad_post_sidebar_id":"","_kad_post_content_style":"","_kad_post_vertical_padding":"default","_kad_post_feature":"default","_kad_post_feature_position":"","_kad_post_header":false,"_kad_post_footer":false},"_links":{"self":[{"href":"https:\/\/jscourtage.fr\/index.php\/wp-json\/wp\/v2\/pages\/31"}],"collection":[{"href":"https:\/\/jscourtage.fr\/index.php\/wp-json\/wp\/v2\/pages"}],"about":[{"href":"https:\/\/jscourtage.fr\/index.php\/wp-json\/wp\/v2\/types\/page"}],"author":[{"embeddable":true,"href":"https:\/\/jscourtage.fr\/index.php\/wp-json\/wp\/v2\/users\/1"}],"replies":[{"embeddable":true,"href":"https:\/\/jscourtage.fr\/index.php\/wp-json\/wp\/v2\/comments?post=31"}],"version-history":[{"count":32,"href":"https:\/\/jscourtage.fr\/index.php\/wp-json\/wp\/v2\/pages\/31\/revisions"}],"predecessor-version":[{"id":798,"href":"https:\/\/jscourtage.fr\/index.php\/wp-json\/wp\/v2\/pages\/31\/revisions\/798"}],"wp:attachment":[{"href":"https:\/\/jscourtage.fr\/index.php\/wp-json\/wp\/v2\/media?parent=31"}],"curies":[{"name":"wp","href":"https:\/\/api.w.org\/{rel}","templated":true}]}}